{"id":913,"date":"2015-09-26T19:16:59","date_gmt":"2015-09-26T17:16:59","guid":{"rendered":"https:\/\/refugeephrasebook.de\/beta\/?page_id=913&#038;lang=ar"},"modified":"2016-05-27T18:45:58","modified_gmt":"2016-05-27T16:45:58","slug":"thank-you","status":"publish","type":"page","link":"https:\/\/refugeephrasebook.de\/ar\/thank-you\/","title":{"rendered":"(!\u0627\u0644\u0645\u062a\u0631\u062c\u0645\u0648\u0646 \u0648\u0627\u0644\u0645\u0634\u0627\u0631\u0643\u0648\u0646.( \u0634\u0643\u0631\u0627\u064b"},"content":{"rendered":"<p>On this page we want to say thank you to everyone who supported refugeephrasebook with time, funding, support and inspiration. This project is created by a group of people based in Berlin and all over the world: Translators, designers, coders, wikibook wizards, donors and countless helpers. Please contact us if you don\u2019t want to be appear here by name or to suggest an addition. In alphabetical order:<\/p>\n<p>Adi Liraz<br \/>\nAfgan Tareen<br \/>\nAgostina Rufolo<br \/>\nAliki Martzopoulou<br \/>\nAmal Sayed Habib<br \/>\nAndr\u00e9 Castro<br \/>\nAndr\u00e9 Lindemann<br \/>\nAnne Dippel<br \/>\nAnne Matthies<br \/>\nAnnie Zaman<br \/>\nAntje Majewski<br \/>\nArman Torkzaban<br \/>\nArmeghan Taheri<br \/>\nAtanas Politov<br \/>\nAtefa Khelwatty<br \/>\nAufbau Verlag<br \/>\nBeate L\u00f6we-Navarro<br \/>\nBelal Abu Leil<br \/>\nBettina Dauch<br \/>\nBojan Savic<br \/>\nCaterina De Rosa<br \/>\nCatherine Stumpp<br \/>\nCharalampos Bratsas<br \/>\nChristina Parharidou<br \/>\nDaniela Gentner<br \/>\nDanny Bowles<br \/>\nDuolingo Community<br \/>\nEce Idiz<br \/>\nEda\u00a0Do\u011fan<br \/>\nElona Xhaferri<br \/>\nEmanuela Grama<br \/>\nEmily Dische-Becker<br \/>\n\u00c9va Nyemcsok<br \/>\nFabian Mu<br \/>\nFarand Masoud<br \/>\nFatih Mars<br \/>\nFotini Lazaridou-Hatzigoga<br \/>\nFrancesca von Habsburg<br \/>\nFrans Hagson<br \/>\nFranziska Sophie Wildf\u00f6rster<br \/>\nFranziska Zahl<br \/>\nG\u00f6ksu Kunak<br \/>\nGregoire Bali<br \/>\nGyongyver Papp<br \/>\nHana Yoosuf<br \/>\nHannah Davis<br \/>\nHeidrun Feigelfeld<br \/>\nIldiko Dekany<br \/>\nIoana Mitrea<br \/>\nIvica Bakovi\u0107<br \/>\nJamal Ghosn<br \/>\nJamie Flowers<br \/>\nJordan Kevin<br \/>\nJos\u00e9 Salguero<br \/>\nJudith Vrancken<br \/>\nJulieta Aranda<br \/>\nJuwairia Abbas<br \/>\nKatarzyna Koscielska<br \/>\nKhaled Barakeh<br \/>\nKimberly Bradley<br \/>\nKirsti Maula<br \/>\nKriszta Vy<br \/>\nLarisa Gheorghienco<br \/>\nLaura E. Ellsworth<br \/>\nLaura Tuell Parcher<br \/>\nLeyla Boran<br \/>\nLina Yassin<br \/>\nMarc Groebl<br \/>\nMarkus Neusch\u00e4fer<br \/>\nMaria Brand<br \/>\nMarta Abadi<br \/>\nMaxim Severin<br \/>\nMeike Schlemmer<br \/>\nMichal Fresel<br \/>\nMilena Nikolova<br \/>\nMin\u0101 M\u00ec\u0101<br \/>\nMira Kroqi<br \/>\nNeda McGuire<br \/>\nNelly Pinkrah<br \/>\nNicole Ebber<br \/>\nNine Yamamoto-Masson<br \/>\nOlav Schiedel<br \/>\nOliver Clanget<br \/>\nOmar Nicolas<br \/>\nOpen Knowledge Foundation Deutschland e.V.<br \/>\nPatrick Georg Burkhardt<br \/>\nPaul Feigelfeld<br \/>\nPovilas Krik\u0161\u010di\u016bnas<br \/>\nPower Ekroth<br \/>\nRabiya Ali<br \/>\nRaffaele Chiarolanza<br \/>\nRobert Steinhauer<br \/>\nSanija Kulenovic<br \/>\nShwan H. Shekha<br \/>\nSebastian Nordhoff<br \/>\nSelma Banich<br \/>\nSher Afgan Tareen<br \/>\nShwan H. Shekha<br \/>\nSilvia Di Profio<br \/>\nSimone Sentall<br \/>\nSonja Hornung<br \/>\nTam\u00e1s Barab\u00e1s<br \/>\nTatjana Petric<br \/>\nUna Softic<br \/>\nUrsula Kallio<br \/>\nUwe Ziegenhagen<br \/>\nValerie Stahl von Stromberg<br \/>\nVangjush Vellahu<br \/>\nVivien Sky Rehberg<br \/>\nVlasta Paulic<br \/>\nWibke Fr\u00e4mcke<br \/>\nWikimedia Deutschland e.V.<br \/>\nYolaine Bodin<br \/>\n\u017deljko Maksimovi\u0107<br \/>\nZo\u00eb Claire Miller<\/p>\n","protected":false},"excerpt":{"rendered":"<p>On this page we want to say thank you to everyone who supported refugeephrasebook with time, funding, support and inspiration. This project is created by a group of people based in Berlin and all over the world: Translators, designers, coders, wikibook wizards, donors and countless helpers. Please contact us if you don\u2019t want to be [&hellip;]<\/p>\n","protected":false},"author":1,"featured_media":0,"parent":0,"menu_order":0,"comment_status":"closed","ping_status":"closed","template":"","meta":{"_et_pb_use_builder":"","_et_pb_old_content":"","_et_gb_content_width":""},"yoast_head":"<!-- This site is optimized with the Yoast SEO plugin v19.0 - https:\/\/yoast.com\/wordpress\/plugins\/seo\/ -->\n<title>(!\u0627\u0644\u0645\u062a\u0631\u062c\u0645\u0648\u0646 \u0648\u0627\u0644\u0645\u0634\u0627\u0631\u0643\u0648\u0646.( \u0634\u0643\u0631\u0627\u064b - Refugee Phrasebook<\/title>\n<meta name=\"robots\" content=\"index, follow, max-snippet:-1, max-image-preview:large, max-video-preview:-1\" \/>\n<link rel=\"canonical\" href=\"https:\/\/refugeephrasebook.de\/ar\/thank-you\/\" \/>\n<meta property=\"og:locale\" content=\"ar_AR\" \/>\n<meta property=\"og:type\" content=\"article\" \/>\n<meta property=\"og:title\" content=\"(!\u0627\u0644\u0645\u062a\u0631\u062c\u0645\u0648\u0646 \u0648\u0627\u0644\u0645\u0634\u0627\u0631\u0643\u0648\u0646.( \u0634\u0643\u0631\u0627\u064b - Refugee Phrasebook\" \/>\n<meta property=\"og:description\" content=\"On this page we want to say thank you to everyone who supported refugeephrasebook with time, funding, support and inspiration. This project is created by a group of people based in Berlin and all over the world: Translators, designers, coders, wikibook wizards, donors and countless helpers. Please contact us if you don\u2019t want to be [&hellip;]\" \/>\n<meta property=\"og:url\" content=\"https:\/\/refugeephrasebook.de\/ar\/thank-you\/\" \/>\n<meta property=\"og:site_name\" content=\"Refugee Phrasebook\" \/>\n<meta property=\"article:publisher\" content=\"https:\/\/www.facebook.com\/groups\/refugeephrasebook\/\" \/>\n<meta property=\"article:modified_time\" content=\"2016-05-27T16:45:58+00:00\" \/>\n<meta property=\"og:image\" content=\"https:\/\/refugeephrasebook.de\/wp-content\/uploads\/2016\/05\/rpb-logo-fb.png\" \/>\n\t<meta property=\"og:image:width\" content=\"1200\" \/>\n\t<meta property=\"og:image:height\" content=\"630\" \/>\n\t<meta property=\"og:image:type\" content=\"image\/png\" \/>\n<meta name=\"twitter:card\" content=\"summary\" \/>\n<meta name=\"twitter:site\" content=\"@info_rpb\" \/>\n<meta name=\"twitter:label1\" content=\"\u0648\u0642\u062a \u0627\u0644\u0642\u0631\u0627\u0621\u0629 \u0627\u0644\u0645\u064f\u0642\u062f\u0651\u0631\" \/>\n\t<meta name=\"twitter:data1\" content=\"\u062f\u0642\u064a\u0642\u062a\u0627\u0646\" \/>\n<script type=\"application\/ld+json\" class=\"yoast-schema-graph\">{\"@context\":\"https:\/\/schema.org\",\"@graph\":[{\"@type\":\"Organization\",\"@id\":\"https:\/\/refugeephrasebook.de\/ar\/#organization\",\"name\":\"Refugee Phrasebook Team\",\"url\":\"https:\/\/refugeephrasebook.de\/ar\/\",\"sameAs\":[\"https:\/\/www.facebook.com\/groups\/refugeephrasebook\/\",\"https:\/\/twitter.com\/info_rpb\"],\"logo\":{\"@type\":\"ImageObject\",\"inLanguage\":\"ar\",\"@id\":\"https:\/\/refugeephrasebook.de\/ar\/#\/schema\/logo\/image\/\",\"url\":\"https:\/\/refugeephrasebook.de\/wp-content\/uploads\/2016\/05\/Logo-Phrasebook-02-1.png\",\"contentUrl\":\"https:\/\/refugeephrasebook.de\/wp-content\/uploads\/2016\/05\/Logo-Phrasebook-02-1.png\",\"width\":129,\"height\":187,\"caption\":\"Refugee Phrasebook Team\"},\"image\":{\"@id\":\"https:\/\/refugeephrasebook.de\/ar\/#\/schema\/logo\/image\/\"}},{\"@type\":\"WebSite\",\"@id\":\"https:\/\/refugeephrasebook.de\/ar\/#website\",\"url\":\"https:\/\/refugeephrasebook.de\/ar\/\",\"name\":\"Refugee Phrasebook\",\"description\":\"Building an open phrasebook for refugees and people who just arrived\",\"publisher\":{\"@id\":\"https:\/\/refugeephrasebook.de\/ar\/#organization\"},\"potentialAction\":[{\"@type\":\"SearchAction\",\"target\":{\"@type\":\"EntryPoint\",\"urlTemplate\":\"https:\/\/refugeephrasebook.de\/ar\/?s={search_term_string}\"},\"query-input\":\"required name=search_term_string\"}],\"inLanguage\":\"ar\"},{\"@type\":\"WebPage\",\"@id\":\"https:\/\/refugeephrasebook.de\/ar\/thank-you\/#webpage\",\"url\":\"https:\/\/refugeephrasebook.de\/ar\/thank-you\/\",\"name\":\"(!\u0627\u0644\u0645\u062a\u0631\u062c\u0645\u0648\u0646 \u0648\u0627\u0644\u0645\u0634\u0627\u0631\u0643\u0648\u0646.( \u0634\u0643\u0631\u0627\u064b - Refugee Phrasebook\",\"isPartOf\":{\"@id\":\"https:\/\/refugeephrasebook.de\/ar\/#website\"},\"datePublished\":\"2015-09-26T17:16:59+00:00\",\"dateModified\":\"2016-05-27T16:45:58+00:00\",\"breadcrumb\":{\"@id\":\"https:\/\/refugeephrasebook.de\/ar\/thank-you\/#breadcrumb\"},\"inLanguage\":\"ar\",\"potentialAction\":[{\"@type\":\"ReadAction\",\"target\":[\"https:\/\/refugeephrasebook.de\/ar\/thank-you\/\"]}]},{\"@type\":\"BreadcrumbList\",\"@id\":\"https:\/\/refugeephrasebook.de\/ar\/thank-you\/#breadcrumb\",\"itemListElement\":[{\"@type\":\"ListItem\",\"position\":1,\"name\":\"Home\",\"item\":\"https:\/\/refugeephrasebook.de\/ar\/\"},{\"@type\":\"ListItem\",\"position\":2,\"name\":\"(!\u0627\u0644\u0645\u062a\u0631\u062c\u0645\u0648\u0646 \u0648\u0627\u0644\u0645\u0634\u0627\u0631\u0643\u0648\u0646.( \u0634\u0643\u0631\u0627\u064b\"}]}]}<\/script>\n<!-- \/ Yoast SEO plugin. -->","yoast_head_json":{"title":"(!\u0627\u0644\u0645\u062a\u0631\u062c\u0645\u0648\u0646 \u0648\u0627\u0644\u0645\u0634\u0627\u0631\u0643\u0648\u0646.( \u0634\u0643\u0631\u0627\u064b - Refugee Phrasebook","robots":{"index":"index","follow":"follow","max-snippet":"max-snippet:-1","max-image-preview":"max-image-preview:large","max-video-preview":"max-video-preview:-1"},"canonical":"https:\/\/refugeephrasebook.de\/ar\/thank-you\/","og_locale":"ar_AR","og_type":"article","og_title":"(!\u0627\u0644\u0645\u062a\u0631\u062c\u0645\u0648\u0646 \u0648\u0627\u0644\u0645\u0634\u0627\u0631\u0643\u0648\u0646.( \u0634\u0643\u0631\u0627\u064b - Refugee Phrasebook","og_description":"On this page we want to say thank you to everyone who supported refugeephrasebook with time, funding, support and inspiration. This project is created by a group of people based in Berlin and all over the world: Translators, designers, coders, wikibook wizards, donors and countless helpers. Please contact us if you don\u2019t want to be [&hellip;]","og_url":"https:\/\/refugeephrasebook.de\/ar\/thank-you\/","og_site_name":"Refugee Phrasebook","article_publisher":"https:\/\/www.facebook.com\/groups\/refugeephrasebook\/","article_modified_time":"2016-05-27T16:45:58+00:00","og_image":[{"width":1200,"height":630,"url":"https:\/\/refugeephrasebook.de\/wp-content\/uploads\/2016\/05\/rpb-logo-fb.png","type":"image\/png"}],"twitter_card":"summary","twitter_site":"@info_rpb","twitter_misc":{"\u0648\u0642\u062a \u0627\u0644\u0642\u0631\u0627\u0621\u0629 \u0627\u0644\u0645\u064f\u0642\u062f\u0651\u0631":"\u062f\u0642\u064a\u0642\u062a\u0627\u0646"},"schema":{"@context":"https:\/\/schema.org","@graph":[{"@type":"Organization","@id":"https:\/\/refugeephrasebook.de\/ar\/#organization","name":"Refugee Phrasebook Team","url":"https:\/\/refugeephrasebook.de\/ar\/","sameAs":["https:\/\/www.facebook.com\/groups\/refugeephrasebook\/","https:\/\/twitter.com\/info_rpb"],"logo":{"@type":"ImageObject","inLanguage":"ar","@id":"https:\/\/refugeephrasebook.de\/ar\/#\/schema\/logo\/image\/","url":"https:\/\/refugeephrasebook.de\/wp-content\/uploads\/2016\/05\/Logo-Phrasebook-02-1.png","contentUrl":"https:\/\/refugeephrasebook.de\/wp-content\/uploads\/2016\/05\/Logo-Phrasebook-02-1.png","width":129,"height":187,"caption":"Refugee Phrasebook Team"},"image":{"@id":"https:\/\/refugeephrasebook.de\/ar\/#\/schema\/logo\/image\/"}},{"@type":"WebSite","@id":"https:\/\/refugeephrasebook.de\/ar\/#website","url":"https:\/\/refugeephrasebook.de\/ar\/","name":"Refugee Phrasebook","description":"Building an open phrasebook for refugees and people who just arrived","publisher":{"@id":"https:\/\/refugeephrasebook.de\/ar\/#organization"},"potentialAction":[{"@type":"SearchAction","target":{"@type":"EntryPoint","urlTemplate":"https:\/\/refugeephrasebook.de\/ar\/?s={search_term_string}"},"query-input":"required name=search_term_string"}],"inLanguage":"ar"},{"@type":"WebPage","@id":"https:\/\/refugeephrasebook.de\/ar\/thank-you\/#webpage","url":"https:\/\/refugeephrasebook.de\/ar\/thank-you\/","name":"(!\u0627\u0644\u0645\u062a\u0631\u062c\u0645\u0648\u0646 \u0648\u0627\u0644\u0645\u0634\u0627\u0631\u0643\u0648\u0646.( \u0634\u0643\u0631\u0627\u064b - Refugee Phrasebook","isPartOf":{"@id":"https:\/\/refugeephrasebook.de\/ar\/#website"},"datePublished":"2015-09-26T17:16:59+00:00","dateModified":"2016-05-27T16:45:58+00:00","breadcrumb":{"@id":"https:\/\/refugeephrasebook.de\/ar\/thank-you\/#breadcrumb"},"inLanguage":"ar","potentialAction":[{"@type":"ReadAction","target":["https:\/\/refugeephrasebook.de\/ar\/thank-you\/"]}]},{"@type":"BreadcrumbList","@id":"https:\/\/refugeephrasebook.de\/ar\/thank-you\/#breadcrumb","itemListElement":[{"@type":"ListItem","position":1,"name":"Home","item":"https:\/\/refugeephrasebook.de\/ar\/"},{"@type":"ListItem","position":2,"name":"(!\u0627\u0644\u0645\u062a\u0631\u062c\u0645\u0648\u0646 \u0648\u0627\u0644\u0645\u0634\u0627\u0631\u0643\u0648\u0646.( \u0634\u0643\u0631\u0627\u064b"}]}]}},"_links":{"self":[{"href":"https:\/\/refugeephrasebook.de\/ar\/wp-json\/wp\/v2\/pages\/913"}],"collection":[{"href":"https:\/\/refugeephrasebook.de\/ar\/wp-json\/wp\/v2\/pages"}],"about":[{"href":"https:\/\/refugeephrasebook.de\/ar\/wp-json\/wp\/v2\/types\/page"}],"author":[{"embeddable":true,"href":"https:\/\/refugeephrasebook.de\/ar\/wp-json\/wp\/v2\/users\/1"}],"replies":[{"embeddable":true,"href":"https:\/\/refugeephrasebook.de\/ar\/wp-json\/wp\/v2\/comments?post=913"}],"version-history":[{"count":6,"href":"https:\/\/refugeephrasebook.de\/ar\/wp-json\/wp\/v2\/pages\/913\/revisions"}],"predecessor-version":[{"id":976,"href":"https:\/\/refugeephrasebook.de\/ar\/wp-json\/wp\/v2\/pages\/913\/revisions\/976"}],"wp:attachment":[{"href":"https:\/\/refugeephrasebook.de\/ar\/wp-json\/wp\/v2\/media?parent=913"}],"curies":[{"name":"wp","href":"https:\/\/api.w.org\/{rel}","templated":true}]}}